{"id":162,"date":"2025-07-16T15:19:56","date_gmt":"2025-07-16T15:19:56","guid":{"rendered":"http:\/\/www.cmrcarpenteria.com\/unternehmen\/"},"modified":"2025-07-17T13:18:18","modified_gmt":"2025-07-17T13:18:18","slug":"unternehmen","status":"publish","type":"page","link":"https:\/\/www.cmrcarpenteria.com\/de\/unternehmen\/","title":{"rendered":"Unternehmen"},"content":{"rendered":"<p>[et_pb_section fb_built=&#8220;1&#8243; _builder_version=&#8220;4.27.4&#8243; _module_preset=&#8220;default&#8220; use_background_color_gradient=&#8220;on&#8220; background_color_gradient_stops=&#8220;#332b33 0%|#332b33 100%&#8220; background_color_gradient_overlays_image=&#8220;on&#8220; custom_padding=&#8220;20vh||||false|false&#8220; hover_enabled=&#8220;0&#8243; global_colors_info=&#8220;{}&#8220; locked=&#8220;off&#8220; theme_builder_area=&#8220;post_content&#8220; background_enable_image=&#8220;off&#8220; sticky_enabled=&#8220;0&#8243; global_module=&#8220;153&#8243; saved_tabs=&#8220;all&#8220;][et_pb_row _builder_version=&#8220;4.27.4&#8243; _module_preset=&#8220;default&#8220; global_colors_info=&#8220;{}&#8220; theme_builder_area=&#8220;post_content&#8220;][et_pb_column type=&#8220;4_4&#8243; _builder_version=&#8220;4.27.4&#8243; _module_preset=&#8220;default&#8220; global_colors_info=&#8220;{}&#8220; theme_builder_area=&#8220;post_content&#8220;][et_pb_text _builder_version=&#8220;4.27.4&#8243; _module_preset=&#8220;default&#8220; text_font=&#8220;|700|||||||&#8220; text_text_color=&#8220;#FFFFFF&#8220; text_font_size=&#8220;34px&#8220; text_line_height=&#8220;1.4em&#8220; text_orientation=&#8220;center&#8220; hover_enabled=&#8220;0&#8243; text_text_shadow_style=&#8220;preset3&#8243; global_colors_info=&#8220;{}&#8220; theme_builder_area=&#8220;post_content&#8220; sticky_enabled=&#8220;0&#8243; _dynamic_attributes=&#8220;content&#8220; background_layout=&#8220;dark&#8220; header_font=&#8220;|700|||||||&#8220; header_font_size=&#8220;34px&#8220; header_text_color=&#8220;#FFFFFF&#8220;]@ET-DC@eyJkeW5hbWljIjp0cnVlLCJjb250ZW50IjoicG9zdF90aXRsZSIsInNldHRpbmdzIjp7ImJlZm9yZSI6IjxoMT4iLCJhZnRlciI6IjwvaDE+IiwiZW5hYmxlX2h0bWwiOiJvZmYifX0=@[\/et_pb_text][\/et_pb_column][\/et_pb_row][\/et_pb_section][et_pb_section fb_built=&#8220;1&#8243; _builder_version=&#8220;4.27.4&#8243; _module_preset=&#8220;default&#8220; background_color=&#8220;#FFFFFF&#8220; hover_enabled=&#8220;0&#8243; global_colors_info=&#8220;{}&#8220; locked=&#8220;off&#8220; theme_builder_area=&#8220;post_content&#8220; sticky_enabled=&#8220;0&#8243;][et_pb_row make_equal=&#8220;on&#8220; _builder_version=&#8220;4.27.4&#8243; _module_preset=&#8220;default&#8220; global_colors_info=&#8220;{}&#8220; theme_builder_area=&#8220;post_content&#8220;][et_pb_column type=&#8220;4_4&#8243; _builder_version=&#8220;4.27.4&#8243; _module_preset=&#8220;default&#8220; custom_css_main_element=&#8220;margin: auto;&#8220; global_colors_info=&#8220;{}&#8220; theme_builder_area=&#8220;post_content&#8220;][et_pb_text _builder_version=&#8220;4.27.4&#8243; _module_preset=&#8220;default&#8220; text_font=&#8220;||||||||&#8220; text_text_color=&#8220;#332B33&#8243; text_font_size=&#8220;16px&#8220; text_line_height=&#8220;1.4em&#8220; header_text_color=&#8220;#FFFFFF&#8220; header_font_size=&#8220;24px&#8220; module_alignment=&#8220;center&#8220; custom_margin=&#8220;||||false|false&#8220; hover_enabled=&#8220;0&#8243; locked=&#8220;off&#8220; global_colors_info=&#8220;{}&#8220; theme_builder_area=&#8220;post_content&#8220; sticky_enabled=&#8220;0&#8243;]<\/p>\n<p>Die Firma C.M.R. SRL ist als ausf\u00fchrendes Unternehmen schon mehr als drei\u00dfig Jahren im Bereich des Stahl- und leichtmetallbau t\u00e4tig.<\/p>\n<p>Unsere Schwerpunkte liegen im Bau von industriellen und landwirtschaftlichen Hallen, Sportst\u00e4tten, Vord\u00e4cher, Treppen und Gel\u00e4ndern sowie Sonderkonstruktionen wie Fahrrad- und Fu\u00dfg\u00e4ngerwege, Stra\u00dfeninfrastrukturen.<\/p>\n<p>Wir f\u00fchren drei Betriebsanlagen in: <u>Rauscedo \u2013 Vivavo &#8211; Spilimbergo.<\/u><\/p>\n<p>[\/et_pb_text][\/et_pb_column][\/et_pb_row][et_pb_row column_structure=&#8220;1_3,1_3,1_3&#8243; use_custom_gutter=&#8220;on&#8220; gutter_width=&#8220;2&#8243; make_equal=&#8220;on&#8220; _builder_version=&#8220;4.27.4&#8243; _module_preset=&#8220;default&#8220; global_colors_info=&#8220;{}&#8220; theme_builder_area=&#8220;post_content&#8220;][et_pb_column type=&#8220;1_3&#8243; _builder_version=&#8220;4.27.4&#8243; _module_preset=&#8220;default&#8220; global_colors_info=&#8220;{}&#8220; theme_builder_area=&#8220;post_content&#8220;][et_pb_text _builder_version=&#8220;4.27.4&#8243; _module_preset=&#8220;default&#8220; text_font=&#8220;||||||||&#8220; text_text_color=&#8220;#332B33&#8243; text_font_size=&#8220;16px&#8220; text_line_height=&#8220;1.4em&#8220; header_text_color=&#8220;#FFFFFF&#8220; header_font_size=&#8220;24px&#8220; module_alignment=&#8220;center&#8220; custom_margin=&#8220;||||false|false&#8220; hover_enabled=&#8220;0&#8243; locked=&#8220;off&#8220; global_colors_info=&#8220;{}&#8220; theme_builder_area=&#8220;post_content&#8220; sticky_enabled=&#8220;0&#8243; border_width_all=&#8220;2px&#8220; border_color_all=&#8220;#5CBA3C&#8220; border_radii=&#8220;on|10px|10px|10px|10px&#8220; custom_padding=&#8220;1.5em|1.5em|1.5em|1.5em|true|true&#8220;]<\/p>\n<p><strong>RAUSCEDO<\/strong><\/p>\n<p>In unserem Werk in Rauscedo, welches auch den Sitz unseres Unternehmens beherbergt, werden Metallkonstruktion auf einem Gel\u00e4nde von 10.000 m2, wovon 5.000 m2 \u00fcberdacht sind, mit 11 Laufkr\u00e4ne, die eine Tragf\u00e4higkeit bis zu 16 Tonnen besitzen, errichtet.<\/p>\n<p>[\/et_pb_text][\/et_pb_column][et_pb_column type=&#8220;1_3&#8243; _builder_version=&#8220;4.27.4&#8243; _module_preset=&#8220;default&#8220; global_colors_info=&#8220;{}&#8220; theme_builder_area=&#8220;post_content&#8220;][et_pb_text _builder_version=&#8220;4.27.4&#8243; _module_preset=&#8220;default&#8220; text_font=&#8220;||||||||&#8220; text_text_color=&#8220;#332B33&#8243; text_font_size=&#8220;16px&#8220; text_line_height=&#8220;1.4em&#8220; header_text_color=&#8220;#FFFFFF&#8220; header_font_size=&#8220;24px&#8220; module_alignment=&#8220;center&#8220; custom_margin=&#8220;||||false|false&#8220; hover_enabled=&#8220;0&#8243; locked=&#8220;off&#8220; global_colors_info=&#8220;{}&#8220; theme_builder_area=&#8220;post_content&#8220; sticky_enabled=&#8220;0&#8243; border_width_all=&#8220;2px&#8220; border_color_all=&#8220;#5CBA3C&#8220; border_radii=&#8220;on|10px|10px|10px|10px&#8220; custom_padding=&#8220;1.5em|1.5em|1.5em|1.5em|true|true&#8220;]<\/p>\n<p><strong>VIVARO<\/strong><\/p>\n<p>Im Werk Vivaro entwickelt sich unser Service-Center, bei welcher werden die Bleche verarbeitet. Die Verarbeitung erfolgt mittels eines neuen thermische Schneidsystems Typ \u201eBevel\u201c mit rotierendem Kopf, verschiedenen Blechscheren, einer Stanzmaschine, mehreren CNC-Abkantpresse. Zus\u00e4tzlich gibt es eine Sondernische f\u00fcr die Verarbeitung von Stahlbolzen und Stahlzuggliedern.<\/p>\n<p>[\/et_pb_text][\/et_pb_column][et_pb_column type=&#8220;1_3&#8243; _builder_version=&#8220;4.27.4&#8243; _module_preset=&#8220;default&#8220; global_colors_info=&#8220;{}&#8220; theme_builder_area=&#8220;post_content&#8220;][et_pb_text _builder_version=&#8220;4.27.4&#8243; _module_preset=&#8220;default&#8220; text_font=&#8220;||||||||&#8220; text_text_color=&#8220;#332B33&#8243; text_font_size=&#8220;16px&#8220; text_line_height=&#8220;1.4em&#8220; header_text_color=&#8220;#FFFFFF&#8220; header_font_size=&#8220;24px&#8220; module_alignment=&#8220;center&#8220; custom_margin=&#8220;||||false|false&#8220; hover_enabled=&#8220;0&#8243; locked=&#8220;off&#8220; global_colors_info=&#8220;{}&#8220; theme_builder_area=&#8220;post_content&#8220; sticky_enabled=&#8220;0&#8243; border_width_all=&#8220;2px&#8220; border_color_all=&#8220;#5CBA3C&#8220; border_radii=&#8220;on|10px|10px|10px|10px&#8220; custom_padding=&#8220;1.5em|1.5em|1.5em|1.5em|true|true&#8220;]<\/p>\n<p><strong>SPILIMBERGO<\/strong><\/p>\n<p>In dem k\u00fcrzlich erworbenen Werk in Spilimbergo werden derzeit neue Produktionsabteilungen eingerichtet.<\/p>\n<p>[\/et_pb_text][\/et_pb_column][\/et_pb_row][et_pb_row make_equal=&#8220;on&#8220; _builder_version=&#8220;4.27.4&#8243; _module_preset=&#8220;default&#8220; global_colors_info=&#8220;{}&#8220; theme_builder_area=&#8220;post_content&#8220;][et_pb_column type=&#8220;4_4&#8243; _builder_version=&#8220;4.27.4&#8243; _module_preset=&#8220;default&#8220; custom_css_main_element=&#8220;margin: auto;&#8220; global_colors_info=&#8220;{}&#8220; theme_builder_area=&#8220;post_content&#8220;][et_pb_text _builder_version=&#8220;4.27.4&#8243; _module_preset=&#8220;default&#8220; text_font=&#8220;||||||||&#8220; text_text_color=&#8220;#332B33&#8243; text_font_size=&#8220;16px&#8220; text_line_height=&#8220;1.4em&#8220; header_text_color=&#8220;#FFFFFF&#8220; header_font_size=&#8220;24px&#8220; module_alignment=&#8220;center&#8220; custom_margin=&#8220;||||false|false&#8220; hover_enabled=&#8220;0&#8243; locked=&#8220;off&#8220; global_colors_info=&#8220;{}&#8220; theme_builder_area=&#8220;post_content&#8220; sticky_enabled=&#8220;0&#8243;]<\/p>\n<p>Unser Team besteht aus mehreren Fachleuten wie beispielweise Schlosser, qualifizierten Schwei\u00dfer, Monteuren und Blechschmieden. Dank ihrer Erfahrung, Kompetenz und Hartn\u00e4ckigkeit sind wir mit unserem Unternehmen am inl\u00e4ndischen Markt seit \u00fcber drei\u00dfig Jahren und auch in \u00d6sterreich aktiv.<\/p>\n<p>Unser Unternehmen kann auch auf einen weiteren Mehrwert z\u00e4hlen: ein eigenes technisches B\u00fcro unter der Leitung eines Ingenieurs und zwei Geometern. Durch die Verwendung von 3D-Designs und aktuellen Berechnungsprogrammen k\u00f6nnen wir unsere Kunden bereits bei der Entstehung eines Projektes, \u00fcber die Berechnung, bis zu den Ausf\u00fchrungszeichnungen vollst\u00e4ndig begleiten. Dar\u00fcber hinaus werden auch die Bauleitung und sowie \u201eschl\u00fcsselfertige\u201c L\u00f6sungen von unserem technischen B\u00fcro \u00fcbernommen.<\/p>\n<p>[\/et_pb_text][\/et_pb_column][\/et_pb_row][\/et_pb_section]<\/p>\n","protected":false},"excerpt":{"rendered":"<p>Die Firma C.M.R. SRL ist als ausf\u00fchrendes Unternehmen schon mehr als drei\u00dfig Jahren im Bereich des Stahl- und leichtmetallbau t\u00e4tig. Unsere Schwerpunkte liegen im Bau von industriellen und landwirtschaftlichen Hallen, Sportst\u00e4tten, Vord\u00e4cher, Treppen und Gel\u00e4ndern sowie Sonderkonstruktionen wie Fahrrad- und Fu\u00dfg\u00e4ngerwege, Stra\u00dfeninfrastrukturen. Wir f\u00fchren drei Betriebsanlagen in: Rauscedo \u2013 Vivavo &#8211; Spilimbergo.RAUSCEDO In unserem Werk [&hellip;]<\/p>\n","protected":false},"author":1,"featured_media":0,"parent":0,"menu_order":1,"comment_status":"closed","ping_status":"closed","template":"","meta":{"_et_pb_use_builder":"on","_et_pb_old_content":"","_et_gb_content_width":"","footnotes":""},"class_list":["post-162","page","type-page","status-publish","hentry"],"_links":{"self":[{"href":"https:\/\/www.cmrcarpenteria.com\/de\/wp-json\/wp\/v2\/pages\/162","targetHints":{"allow":["GET"]}}],"collection":[{"href":"https:\/\/www.cmrcarpenteria.com\/de\/wp-json\/wp\/v2\/pages"}],"about":[{"href":"https:\/\/www.cmrcarpenteria.com\/de\/wp-json\/wp\/v2\/types\/page"}],"author":[{"embeddable":true,"href":"https:\/\/www.cmrcarpenteria.com\/de\/wp-json\/wp\/v2\/users\/1"}],"replies":[{"embeddable":true,"href":"https:\/\/www.cmrcarpenteria.com\/de\/wp-json\/wp\/v2\/comments?post=162"}],"version-history":[{"count":2,"href":"https:\/\/www.cmrcarpenteria.com\/de\/wp-json\/wp\/v2\/pages\/162\/revisions"}],"predecessor-version":[{"id":164,"href":"https:\/\/www.cmrcarpenteria.com\/de\/wp-json\/wp\/v2\/pages\/162\/revisions\/164"}],"wp:attachment":[{"href":"https:\/\/www.cmrcarpenteria.com\/de\/wp-json\/wp\/v2\/media?parent=162"}],"curies":[{"name":"wp","href":"https:\/\/api.w.org\/{rel}","templated":true}]}}