{"id":188,"date":"2025-07-16T15:20:07","date_gmt":"2025-07-16T15:20:07","guid":{"rendered":"http:\/\/www.cmrcarpenteria.com\/unternehmen\/geschichte\/"},"modified":"2025-09-08T09:20:56","modified_gmt":"2025-09-08T09:20:56","slug":"geschichte","status":"publish","type":"page","link":"https:\/\/www.cmrcarpenteria.com\/de\/unternehmen\/geschichte\/","title":{"rendered":"Geschichte"},"content":{"rendered":"<p>[et_pb_section fb_built=&#8220;1&#8243; _builder_version=&#8220;4.27.4&#8243; _module_preset=&#8220;default&#8220; use_background_color_gradient=&#8220;on&#8220; background_color_gradient_stops=&#8220;#332b33 0%|#332b33 100%&#8220; background_color_gradient_overlays_image=&#8220;on&#8220; background_enable_image=&#8220;off&#8220; custom_padding=&#8220;20vh||||false|false&#8220; saved_tabs=&#8220;all&#8220; locked=&#8220;off&#8220; global_colors_info=&#8220;{}&#8220;][et_pb_row _builder_version=&#8220;4.27.4&#8243; _module_preset=&#8220;default&#8220; global_colors_info=&#8220;{}&#8220;][et_pb_column type=&#8220;4_4&#8243; _builder_version=&#8220;4.27.4&#8243; _module_preset=&#8220;default&#8220; global_colors_info=&#8220;{}&#8220;][et_pb_text _builder_version=&#8220;4.27.4&#8243; _dynamic_attributes=&#8220;content&#8220; _module_preset=&#8220;default&#8220; text_font=&#8220;|700|||||||&#8220; text_text_color=&#8220;#FFFFFF&#8220; text_font_size=&#8220;34px&#8220; text_line_height=&#8220;1.4em&#8220; header_font=&#8220;|700|||||||&#8220; header_text_color=&#8220;#FFFFFF&#8220; header_font_size=&#8220;34px&#8220; text_orientation=&#8220;center&#8220; background_layout=&#8220;dark&#8220; text_text_shadow_style=&#8220;preset3&#8243; global_colors_info=&#8220;{}&#8220;]@ET-DC@eyJkeW5hbWljIjp0cnVlLCJjb250ZW50IjoicG9zdF90aXRsZSIsInNldHRpbmdzIjp7ImJlZm9yZSI6IjxoMT4iLCJhZnRlciI6IjwvaDE+IiwiZW5hYmxlX2h0bWwiOiJvZmYifX0=@[\/et_pb_text][\/et_pb_column][\/et_pb_row][\/et_pb_section][et_pb_section fb_built=&#8220;1&#8243; _builder_version=&#8220;4.27.4&#8243; _module_preset=&#8220;default&#8220; background_color=&#8220;#FFFFFF&#8220; locked=&#8220;off&#8220; global_colors_info=&#8220;{}&#8220;][et_pb_row make_equal=&#8220;on&#8220; _builder_version=&#8220;4.27.4&#8243; _module_preset=&#8220;default&#8220; global_colors_info=&#8220;{}&#8220;][et_pb_column type=&#8220;4_4&#8243; _builder_version=&#8220;4.27.4&#8243; _module_preset=&#8220;default&#8220; custom_css_main_element=&#8220;margin: auto;&#8220; global_colors_info=&#8220;{}&#8220;][et_pb_text _builder_version=&#8220;4.27.4&#8243; _module_preset=&#8220;default&#8220; text_font=&#8220;||||||||&#8220; text_text_color=&#8220;#332B33&#8243; text_font_size=&#8220;16px&#8220; text_line_height=&#8220;1.4em&#8220; header_text_color=&#8220;#FFFFFF&#8220; header_font_size=&#8220;24px&#8220; module_alignment=&#8220;center&#8220; custom_margin=&#8220;||||false|false&#8220; locked=&#8220;off&#8220; global_colors_info=&#8220;{}&#8220;]<\/p>\n<p>Die <strong>C.M.R. SRL<\/strong> wurde im Jahr 1987 in Rauscedo geboren, in einem kleinen Dorf in der Region Magredi in Friaul, die Weltweit f\u00fcr ihre \u201eWurzeln des Weins\u201c bekannt ist, gegr\u00fcndet.<\/p>\n<p>Die Firmengeschichte startete zun\u00e4chst als Genossenschaft, welches f\u00fcr den Bau und Installationen von Bew\u00e4sserungssystemen im gesamten Gebiet von Friaul besch\u00e4ftigt war. Anschlie\u00dfend begann die Herstellung von mittelschwere Metallkonstruktionen, wie beispielsweise der Bau von landwirtschaftlichen Hallen.<\/p>\n<p>Kurze Zeit sp\u00e4ter im Jahr 1992, wurde die Genossenschaft unter neuer Namensgebung zu einem Unternehmen umfirmiert und erweiterte in diesem Zuge die F\u00e4higkeiten und die Spezialisierung auf den Bau von komplexen, mittelschwere bis hin zu schweren Konstruktionen. Durch das erweiterte Leistungsspektrum \u00f6ffneten sich auch die T\u00fcren des nahen gelegenen \u00f6sterreichischen Markts.<\/p>\n<p>Ungef\u00e4hr zehn Jahren sp\u00e4ter im Jahr 1999 hatte sich die C.M.R. SRL verdoppelt. In der benachbarten Gemeinde Vivaro wurde eine zweite Produktionseinheit gegr\u00fcndet. Diese hat sich in der Blechverarbeitung \u2013 Autogenschneiden, Stanzen, Abkantpresse \u2013 und auf die Herstellung von Stahlzuggliedern und Stahlbolzen spezialisiert.<\/p>\n<p>Die \u201eFamilie\u201c w\u00e4chst, aber die Unternehmensgrunds\u00e4tze bleiben dieselbe, und erreichen Dank der engen Zusammenarbeit von Gesch\u00e4ftsf\u00fchrer und Mitarbeiter zunehmend ehrgeizige Ziele. Dies nahm man zum Anlass die Unternehmensstruktur im Jahr 2008 zu einer Gesellschaft mit beschr\u00e4nkter Haftung zu firmieren.<\/p>\n<p>In den letzten zehn Jahren entwickelte sich <strong>C.M.R. SRL<\/strong> von einemhandwerklichem Betrieb zu einem Unternehmen f\u00fcr komplexe und schwere Metallkonstruktionen, welche von zwei Eigent\u00fcmern gef\u00fchrt wird mit insgesamt 30 Mitarbeitern, darunter Ingenieure, Geometer, Angestellte, Schlosser, Schwei\u00dfer, Monteure, sowie ebenso viele externe Partner.<\/p>\n<p>Der Wunsch weitere ehrgeizige Ziele zu erreichen und sich zu engagieren f\u00fchrte im Jahr 2009 zum Erwerb einer dritten Produktionseinheit, mit einer Gel\u00e4ndefl\u00e4che von 10.000 m2, wovon 5.000 m2 \u00fcberdacht sind. Dank der neuen Generation im Unternehmen und der neuen <strong>Leistungsf\u00e4higkeit <\/strong>werden neuen Herausforderungen und Ziele in die Tat umgesetzt.<\/p>\n<p>[\/et_pb_text][\/et_pb_column][\/et_pb_row][et_pb_row _builder_version=&#8220;4.27.4&#8243; _module_preset=&#8220;default&#8220; column_structure=&#8220;1_2,1_2&#8243;][et_pb_column _builder_version=&#8220;4.27.4&#8243; _module_preset=&#8220;default&#8220; type=&#8220;1_2&#8243;][et_pb_image src=&#8220;https:\/\/www.cmrcarpenteria.com\/wp-content\/uploads\/2025\/09\/20250826_152843785_iOS-Photoroom.png&#8220; _builder_version=&#8220;4.27.4&#8243; _module_preset=&#8220;default&#8220; title_text=&#8220;20250826_152843785_iOS-Photoroom&#8220; hover_enabled=&#8220;0&#8243; sticky_enabled=&#8220;0&#8243;][\/et_pb_image][\/et_pb_column][et_pb_column _builder_version=&#8220;4.27.4&#8243; _module_preset=&#8220;default&#8220; type=&#8220;1_2&#8243;][et_pb_image src=&#8220;https:\/\/www.cmrcarpenteria.com\/wp-content\/uploads\/2025\/09\/20250826_152834182_iOS-Photoroom-1.png&#8220; _builder_version=&#8220;4.27.4&#8243; _module_preset=&#8220;default&#8220; title_text=&#8220;20250826_152834182_iOS-Photoroom (1)&#8220; hover_enabled=&#8220;0&#8243; sticky_enabled=&#8220;0&#8243;][\/et_pb_image][\/et_pb_column][\/et_pb_row][\/et_pb_section]<\/p>\n","protected":false},"excerpt":{"rendered":"<p>Die C.M.R. SRL wurde im Jahr 1987 in Rauscedo geboren, in einem kleinen Dorf in der Region Magredi in Friaul, die Weltweit f\u00fcr ihre \u201eWurzeln des Weins\u201c bekannt ist, gegr\u00fcndet. Die Firmengeschichte startete zun\u00e4chst als Genossenschaft, welches f\u00fcr den Bau und Installationen von Bew\u00e4sserungssystemen im gesamten Gebiet von Friaul besch\u00e4ftigt war. Anschlie\u00dfend begann die Herstellung [&hellip;]<\/p>\n","protected":false},"author":1,"featured_media":0,"parent":162,"menu_order":0,"comment_status":"closed","ping_status":"closed","template":"","meta":{"_et_pb_use_builder":"on","_et_pb_old_content":"","_et_gb_content_width":"","footnotes":""},"class_list":["post-188","page","type-page","status-publish","hentry"],"_links":{"self":[{"href":"https:\/\/www.cmrcarpenteria.com\/de\/wp-json\/wp\/v2\/pages\/188","targetHints":{"allow":["GET"]}}],"collection":[{"href":"https:\/\/www.cmrcarpenteria.com\/de\/wp-json\/wp\/v2\/pages"}],"about":[{"href":"https:\/\/www.cmrcarpenteria.com\/de\/wp-json\/wp\/v2\/types\/page"}],"author":[{"embeddable":true,"href":"https:\/\/www.cmrcarpenteria.com\/de\/wp-json\/wp\/v2\/users\/1"}],"replies":[{"embeddable":true,"href":"https:\/\/www.cmrcarpenteria.com\/de\/wp-json\/wp\/v2\/comments?post=188"}],"version-history":[{"count":3,"href":"https:\/\/www.cmrcarpenteria.com\/de\/wp-json\/wp\/v2\/pages\/188\/revisions"}],"predecessor-version":[{"id":976,"href":"https:\/\/www.cmrcarpenteria.com\/de\/wp-json\/wp\/v2\/pages\/188\/revisions\/976"}],"up":[{"embeddable":true,"href":"https:\/\/www.cmrcarpenteria.com\/de\/wp-json\/wp\/v2\/pages\/162"}],"wp:attachment":[{"href":"https:\/\/www.cmrcarpenteria.com\/de\/wp-json\/wp\/v2\/media?parent=188"}],"curies":[{"name":"wp","href":"https:\/\/api.w.org\/{rel}","templated":true}]}}