{"id":193,"date":"2025-07-16T15:20:24","date_gmt":"2025-07-16T13:20:24","guid":{"rendered":"http:\/\/www.cmrcarpenteria.com\/unternehmen\/qualitaet-und-zertifizierungen\/"},"modified":"2025-08-08T09:15:49","modified_gmt":"2025-08-08T09:15:49","slug":"qualitaet-und-zertifizierungen","status":"publish","type":"page","link":"https:\/\/www.cmrcarpenteria.com\/de\/unternehmen\/qualitaet-und-zertifizierungen\/","title":{"rendered":"Qualit\u00e4t und Zertifizierungen"},"content":{"rendered":"<p>[et_pb_section fb_built=&#8220;1&#8243; _builder_version=&#8220;4.27.4&#8243; _module_preset=&#8220;default&#8220; use_background_color_gradient=&#8220;on&#8220; background_color_gradient_stops=&#8220;#696969 0%|#696969 100%&#8220; background_color_gradient_overlays_image=&#8220;on&#8220; background_enable_image=&#8220;off&#8220; custom_padding=&#8220;20vh||||false|false&#8220; saved_tabs=&#8220;all&#8220; locked=&#8220;off&#8220; global_colors_info=&#8220;{}&#8220;][et_pb_row _builder_version=&#8220;4.27.4&#8243; _module_preset=&#8220;default&#8220; global_colors_info=&#8220;{}&#8220;][et_pb_column type=&#8220;4_4&#8243; _builder_version=&#8220;4.27.4&#8243; _module_preset=&#8220;default&#8220; global_colors_info=&#8220;{}&#8220;][et_pb_text _builder_version=&#8220;4.27.4&#8243; _dynamic_attributes=&#8220;content&#8220; _module_preset=&#8220;default&#8220; text_font=&#8220;|700|||||||&#8220; text_text_color=&#8220;#FFFFFF&#8220; text_font_size=&#8220;34px&#8220; text_line_height=&#8220;1.4em&#8220; header_font=&#8220;|700|||||||&#8220; header_text_color=&#8220;#FFFFFF&#8220; header_font_size=&#8220;34px&#8220; text_orientation=&#8220;center&#8220; background_layout=&#8220;dark&#8220; text_text_shadow_style=&#8220;preset3&#8243; global_colors_info=&#8220;{}&#8220;]@ET-DC@eyJkeW5hbWljIjp0cnVlLCJjb250ZW50IjoicG9zdF90aXRsZSIsInNldHRpbmdzIjp7ImJlZm9yZSI6IjxoMT4iLCJhZnRlciI6IjwvaDE+In19@[\/et_pb_text][\/et_pb_column][\/et_pb_row][\/et_pb_section][et_pb_section fb_built=&#8220;1&#8243; _builder_version=&#8220;4.27.4&#8243; _module_preset=&#8220;default&#8220; background_color=&#8220;#FFFFFF&#8220; locked=&#8220;off&#8220; global_colors_info=&#8220;{}&#8220;][et_pb_row make_equal=&#8220;on&#8220; _builder_version=&#8220;4.27.4&#8243; _module_preset=&#8220;default&#8220; global_colors_info=&#8220;{}&#8220;][et_pb_column type=&#8220;4_4&#8243; _builder_version=&#8220;4.27.4&#8243; _module_preset=&#8220;default&#8220; custom_css_main_element=&#8220;margin: auto;&#8220; global_colors_info=&#8220;{}&#8220;][et_pb_text _builder_version=&#8220;4.27.4&#8243; _module_preset=&#8220;default&#8220; text_font=&#8220;||||||||&#8220; text_text_color=&#8220;#332B33&#8243; text_font_size=&#8220;16px&#8220; text_line_height=&#8220;1.4em&#8220; header_text_color=&#8220;#FFFFFF&#8220; header_font_size=&#8220;24px&#8220; module_alignment=&#8220;center&#8220; custom_margin=&#8220;||||false|false&#8220; hover_enabled=&#8220;0&#8243; locked=&#8220;off&#8220; global_colors_info=&#8220;{}&#8220; sticky_enabled=&#8220;0&#8243;]<\/p>\n<ul>\n<li>Internes technisches Team, welches von einem Ingenieur und zwei Geometern geleitet wird. Mit Verwendung von Berechnungs- und 3D-Designprogrammen (Auto CAD, Advance Steel, Advance CAD, Solid Works);<\/li>\n<li><a href=\"https:\/\/www.cmrcarpenteria.com\/wp-content\/uploads\/2025\/08\/certificate-signed-9001-RINA-scad.05.08.2026.pdf\" target=\"_blank\" rel=\"noopener\">Zertifizierung <\/a><strong><a href=\"https:\/\/www.cmrcarpenteria.com\/wp-content\/uploads\/2025\/08\/certificate-signed-9001-RINA-scad.05.08.2026.pdf\" target=\"_blank\" rel=\"noopener\">UNI EN ISO 9001:2008<\/a>;<\/strong><\/li>\n<li><a href=\"https:\/\/www.cmrcarpenteria.com\/wp-content\/uploads\/2025\/08\/certificate-signed-9001-RINA-scad.05.08.2026.pdf\" target=\"_blank\" rel=\"noopener\">Certificazione UNI EN ISO 9001:2015\u00a0<\/a><\/li>\n<li><a href=\"https:\/\/www.cmrcarpenteria.com\/wp-content\/uploads\/2025\/08\/Certificato-3834-pag-1-2-scad-05.08.26_merged.pdf\" target=\"_blank\" rel=\"noopener\">Certificazione UNI EN ISO 3834<\/a><\/li>\n<li><a href=\"https:\/\/www.cmrcarpenteria.com\/wp-content\/uploads\/2025\/08\/Certificato-iqnet-9001-RINA-scad.05.08.2026.pdf\" target=\"_blank\" rel=\"noopener\">IQNET Iso 9001:2015<\/a><\/li>\n<li><a href=\"https:\/\/www.cmrcarpenteria.com\/wp-content\/uploads\/2025\/08\/Welding-specialist-EWF-650_merged-1.pdf\" target=\"_blank\" rel=\"noopener\">Welding specialist EWF 650<\/a><\/li>\n<li><a href=\"https:\/\/www.cmrcarpenteria.com\/wp-content\/uploads\/2025\/08\/Welding-specialist-IAB-341_merged-1.pdf\" target=\"_blank\" rel=\"noopener\">Welding specialist IAB 341<\/a><\/li>\n<li><a href=\"https:\/\/www.cmrcarpenteria.com\/wp-content\/uploads\/2025\/08\/Degan-Egon-Diploma-VT-scad.2025.pdf\" target=\"_blank\" rel=\"noopener\">NDT OPERATOR QUALIFICATION CERTIFICATE<\/a><\/li>\n<li><a href=\"https:\/\/www.cmrcarpenteria.com\/wp-content\/uploads\/2025\/08\/ATTESTATO-SOA-28419_16_00-SCAD.30.11.2028.pdf\" target=\"_blank\" rel=\"noopener\">ATTESTATO SOA 28419<\/a><\/li>\n<li>Certificazione Centro di trasformazione n\u00b0 1943\/12<\/li>\n<li>Zertifizierung transformation center Nr. 1943\/12;<\/li>\n<li>Zertifizierung EN 1090 \u2013 <strong>EXC3<\/strong>;<\/li>\n<li>Zertifizierung SOA, Kategorie II \u2013 OS18A;<\/li>\n<li>Patentierte Schwei\u00dfer nach UNI EN ISO 9606-1:2017;<\/li>\n<li>Qualifizierte Schwei\u00dfverfahren (WPQR) nach UNI EN ISO 15614-1\/2008;<\/li>\n<li>Qualifizierte Schwei\u00dfer f\u00fcr SAW (Submerged Arc Welding) nach UNI EN 1418;<\/li>\n<li>Zertifizierung von zerst\u00f6rungsfreiem Pr\u00fcfpersonal (LP, VT), Niveau II, nach UNI EN 473\/ISO 9712;<\/li>\n<li>Interner Schwei\u00dfkoordinator mit Titel IWS nach IIW-Richtlinie;<\/li>\n<li>Genehmigung zur Asbestentsorgung und -entfernung;<\/li>\n<li>Aktuelle Mitarbeiterkurse zu Ersten Hilfe und Brandbek\u00e4mpfung;<\/li>\n<li>Aktualisierte Kurse f\u00fcr Dreh- und LKW-Kr\u00e4ne;<\/li>\n<li>Aktuelle Kurse f\u00fcr Mitarbeiter, f\u00fcr mobile Hubarbeitsb\u00fchnen mit und ohne Stabilisatoren;<\/li>\n<li>Auffrischungskurse f\u00fcr das Fahren von Turmdrehkranen und Autokranen<\/li>\n<li>Aktualisierte Kurse f\u00fcr H\u00f6henarbeiten und pers\u00f6nliche Sicherheitsmittel der Kategorie III;<\/li>\n<li>Aktualisierte Kurse f\u00fcr die Installation von Absturzsicherheitssystemen und Verankerungssystemen;<\/li>\n<li>Aktualisierte Kurse f\u00fcr die Ein- und Ausrichtung von Ger\u00fcsten;<\/li>\n<\/ul>\n<p>[\/et_pb_text][\/et_pb_column][\/et_pb_row][\/et_pb_section]<\/p>\n","protected":false},"excerpt":{"rendered":"<p>Internes technisches Team, welches von einem Ingenieur und zwei Geometern geleitet wird. Mit Verwendung von Berechnungs- und 3D-Designprogrammen (Auto CAD, Advance Steel, Advance CAD, Solid Works); Zertifizierung UNI EN ISO 9001:2008; Certificazione UNI EN ISO 9001:2015\u00a0 Certificazione UNI EN ISO 3834 IQNET Iso 9001:2015 Welding specialist EWF 650 Welding specialist IAB 341 NDT OPERATOR QUALIFICATION [&hellip;]<\/p>\n","protected":false},"author":1,"featured_media":0,"parent":162,"menu_order":1,"comment_status":"closed","ping_status":"closed","template":"","meta":{"_et_pb_use_builder":"on","_et_pb_old_content":"","_et_gb_content_width":"","footnotes":""},"class_list":["post-193","page","type-page","status-publish","hentry"],"_links":{"self":[{"href":"https:\/\/www.cmrcarpenteria.com\/de\/wp-json\/wp\/v2\/pages\/193","targetHints":{"allow":["GET"]}}],"collection":[{"href":"https:\/\/www.cmrcarpenteria.com\/de\/wp-json\/wp\/v2\/pages"}],"about":[{"href":"https:\/\/www.cmrcarpenteria.com\/de\/wp-json\/wp\/v2\/types\/page"}],"author":[{"embeddable":true,"href":"https:\/\/www.cmrcarpenteria.com\/de\/wp-json\/wp\/v2\/users\/1"}],"replies":[{"embeddable":true,"href":"https:\/\/www.cmrcarpenteria.com\/de\/wp-json\/wp\/v2\/comments?post=193"}],"version-history":[{"count":7,"href":"https:\/\/www.cmrcarpenteria.com\/de\/wp-json\/wp\/v2\/pages\/193\/revisions"}],"predecessor-version":[{"id":964,"href":"https:\/\/www.cmrcarpenteria.com\/de\/wp-json\/wp\/v2\/pages\/193\/revisions\/964"}],"up":[{"embeddable":true,"href":"https:\/\/www.cmrcarpenteria.com\/de\/wp-json\/wp\/v2\/pages\/162"}],"wp:attachment":[{"href":"https:\/\/www.cmrcarpenteria.com\/de\/wp-json\/wp\/v2\/media?parent=193"}],"curies":[{"name":"wp","href":"https:\/\/api.w.org\/{rel}","templated":true}]}}