{"id":207,"date":"2025-07-16T15:20:48","date_gmt":"2025-07-16T15:20:48","guid":{"rendered":"http:\/\/www.cmrcarpenteria.com\/unternehmen\/auflistung-der-wichtigsten-systeme-und-ausruestungsarten\/"},"modified":"2025-07-17T15:40:32","modified_gmt":"2025-07-17T15:40:32","slug":"auflistung-der-wichtigsten-systeme-und-ausruestungsarten","status":"publish","type":"page","link":"https:\/\/www.cmrcarpenteria.com\/de\/unternehmen\/auflistung-der-wichtigsten-systeme-und-ausruestungsarten\/","title":{"rendered":"Auflistung Der Wichtigsten Systeme Und Ausr\u00fcstungsarten"},"content":{"rendered":"<p>[et_pb_section fb_built=&#8220;1&#8243; _builder_version=&#8220;4.27.4&#8243; _module_preset=&#8220;default&#8220; use_background_color_gradient=&#8220;on&#8220; background_color_gradient_stops=&#8220;#3d3d3d 0%|#696969 100%&#8220; background_color_gradient_overlays_image=&#8220;on&#8220; background_enable_image=&#8220;off&#8220; custom_padding=&#8220;20vh||||false|false&#8220; hover_enabled=&#8220;0&#8243; global_module=&#8220;153&#8243; saved_tabs=&#8220;all&#8220; locked=&#8220;off&#8220; global_colors_info=&#8220;{}&#8220; sticky_enabled=&#8220;0&#8243;][et_pb_row _builder_version=&#8220;4.27.4&#8243; _module_preset=&#8220;default&#8220; global_colors_info=&#8220;{}&#8220;][et_pb_column type=&#8220;4_4&#8243; _builder_version=&#8220;4.27.4&#8243; _module_preset=&#8220;default&#8220; global_colors_info=&#8220;{}&#8220;][et_pb_text _builder_version=&#8220;4.27.4&#8243; _dynamic_attributes=&#8220;content&#8220; _module_preset=&#8220;default&#8220; text_font=&#8220;|700|||||||&#8220; text_text_color=&#8220;#FFFFFF&#8220; text_font_size=&#8220;34px&#8220; text_line_height=&#8220;1.4em&#8220; header_font=&#8220;|700|||||||&#8220; header_text_color=&#8220;#FFFFFF&#8220; header_font_size=&#8220;34px&#8220; text_orientation=&#8220;center&#8220; background_layout=&#8220;dark&#8220; text_text_shadow_style=&#8220;preset3&#8243; global_colors_info=&#8220;{}&#8220;]@ET-DC@eyJkeW5hbWljIjp0cnVlLCJjb250ZW50IjoicG9zdF90aXRsZSIsInNldHRpbmdzIjp7ImJlZm9yZSI6IjxoMT4iLCJhZnRlciI6IjwvaDE+IiwiZW5hYmxlX2h0bWwiOiJvZmYifX0=@[\/et_pb_text][\/et_pb_column][\/et_pb_row][\/et_pb_section][et_pb_section fb_built=&#8220;1&#8243; _builder_version=&#8220;4.27.4&#8243; _module_preset=&#8220;default&#8220; background_color=&#8220;#FFFFFF&#8220; locked=&#8220;off&#8220; global_colors_info=&#8220;{}&#8220;][et_pb_row make_equal=&#8220;on&#8220; _builder_version=&#8220;4.27.4&#8243; _module_preset=&#8220;default&#8220; global_colors_info=&#8220;{}&#8220;][et_pb_column type=&#8220;4_4&#8243; _builder_version=&#8220;4.27.4&#8243; _module_preset=&#8220;default&#8220; custom_css_main_element=&#8220;margin: auto;&#8220; global_colors_info=&#8220;{}&#8220;][et_pb_text _builder_version=&#8220;4.27.4&#8243; _module_preset=&#8220;default&#8220; text_font=&#8220;||||||||&#8220; text_text_color=&#8220;#332B33&#8243; text_font_size=&#8220;16px&#8220; text_line_height=&#8220;1.4em&#8220; header_text_color=&#8220;#FFFFFF&#8220; header_font_size=&#8220;24px&#8220; module_alignment=&#8220;center&#8220; custom_margin=&#8220;||||false|false&#8220; locked=&#8220;off&#8220; global_colors_info=&#8220;{}&#8220;]<\/p>\n<p>Die <strong>C.M.R. Srl<\/strong> bietet die folgenden Systeme und Ausr\u00fcstungsarten an:<\/p>\n<p>[\/et_pb_text][et_pb_text _builder_version=&#8220;4.27.4&#8243; _module_preset=&#8220;default&#8220; text_font=&#8220;||||||||&#8220; text_text_color=&#8220;#332B33&#8243; text_font_size=&#8220;16px&#8220; text_line_height=&#8220;1.4em&#8220; header_text_color=&#8220;#FFFFFF&#8220; header_font_size=&#8220;24px&#8220; module_alignment=&#8220;center&#8220; custom_margin=&#8220;||||false|false&#8220; locked=&#8220;off&#8220; global_colors_info=&#8220;{}&#8220;]<\/p>\n<ul>\n<li>Thermische Schneidanlage Typ Kjllberg Fine Focus 800 Plus mit numerischer Steuerung und Plasmatechnologie f\u00fcr das hochaufl\u00f6sende Schneiden von Blechen bis zu einer St\u00e4rke von 40 mm; Nr. 2 Brenner f\u00fcr das Schneiden von bis zu 110 mm aller Arten von Hartstahl. Leistung 300 Ampere; Schneidetischgr\u00f6\u00dfe: 12.800 x 3150 mm.<\/li>\n<li>Schleifsystem Typ Costa Sp2 zum Entgraten und Satinieren; gew\u00e4hrleistet eine vollst\u00e4ndige Vermeidung von Schnittabf\u00e4llen und erm\u00f6glicht den sofortigen Einsatz der zu montierenden Teile. Maximale Dicke 160 mm; Tischbreite 1350 mm. <\/li>\n<li>Stanzanlage vom Typ FICEP mit 120 t zum Stanzen aller Arten von hartem Stahl; maximale Stanzst\u00e4rke 27 mm mit Loch \u00d8 33 mm; Tischabmessungen 1570 x 750 mm.<\/li>\n<li>Numerisch gesteuerte Scherenanlage des Typs Ermak zum Schneiden von Blechen mit einer maximalen Dicke von 6 mm aus jeder Art von hartem Stahl; Schneidetischl\u00e4nge: 6100 mm.<\/li>\n<li>Biegeanlage Typ Ermak mit numerischer Steuerung mit vier Achsen; maximale Biegedicke 12 mm auf 6100 mm L\u00e4nge; bis zu 20 mm f\u00fcr k\u00fcrzere L\u00e4ngen; Druck: 400 Tonnen.<\/li>\n<li>Gewindeschneidanlage Typ Cergil mit rotierendem Kopf mit einer Reihe von vier Gewindeschneidbacken; Tischhub 750 mm; maximaler Gewindedurchmesser 114 mm f\u00fcr jede Steigung, auf jeder Art von hartem Stahl.<\/li>\n<li>Unterpulverschwei\u00dfanlage, Mini-Knicklenker Typ Esab, 800 Ampere.<\/li>\n<li>Nr. 3 Fahrzeuge mit Kran; maximale Fahrzeugkapazit\u00e4t 6400 kg; maximale Krankapazit\u00e4t 6000 kg.<\/li>\n<li>Bewegliche vertikale Plattform mit Stromabnehmer; maximale H\u00f6he 18 m.<\/li>\n<li>Bewegliches Baustellenfahrzeug Typ Girolift f\u00fcr die Montage von Bauwerken.<\/li>\n<li>Nr. 25 MIG\/MAG SCHWEISSMASCHINEN mit einer Leistung von bis zu 500 Ampere<\/li>\n<li>Nr. 11 Laufkran mit einer Tragf\u00e4higkeit von jeweils bis zu 16 Tonnen.<\/li>\n<\/ul>\n<p>[\/et_pb_text][\/et_pb_column][\/et_pb_row][\/et_pb_section]<\/p>\n","protected":false},"excerpt":{"rendered":"<p>Die C.M.R. Srl bietet die folgenden Systeme und Ausr\u00fcstungsarten an: Thermische Schneidanlage Typ Kjllberg Fine Focus 800 Plus mit numerischer Steuerung und Plasmatechnologie f\u00fcr das hochaufl\u00f6sende Schneiden von Blechen bis zu einer St\u00e4rke von 40 mm; Nr. 2 Brenner f\u00fcr das Schneiden von bis zu 110 mm aller Arten von Hartstahl. Leistung 300 Ampere; Schneidetischgr\u00f6\u00dfe: [&hellip;]<\/p>\n","protected":false},"author":1,"featured_media":0,"parent":162,"menu_order":2,"comment_status":"closed","ping_status":"closed","template":"","meta":{"_et_pb_use_builder":"on","_et_pb_old_content":"","_et_gb_content_width":"","footnotes":""},"class_list":["post-207","page","type-page","status-publish","hentry"],"_links":{"self":[{"href":"https:\/\/www.cmrcarpenteria.com\/de\/wp-json\/wp\/v2\/pages\/207","targetHints":{"allow":["GET"]}}],"collection":[{"href":"https:\/\/www.cmrcarpenteria.com\/de\/wp-json\/wp\/v2\/pages"}],"about":[{"href":"https:\/\/www.cmrcarpenteria.com\/de\/wp-json\/wp\/v2\/types\/page"}],"author":[{"embeddable":true,"href":"https:\/\/www.cmrcarpenteria.com\/de\/wp-json\/wp\/v2\/users\/1"}],"replies":[{"embeddable":true,"href":"https:\/\/www.cmrcarpenteria.com\/de\/wp-json\/wp\/v2\/comments?post=207"}],"version-history":[{"count":2,"href":"https:\/\/www.cmrcarpenteria.com\/de\/wp-json\/wp\/v2\/pages\/207\/revisions"}],"predecessor-version":[{"id":209,"href":"https:\/\/www.cmrcarpenteria.com\/de\/wp-json\/wp\/v2\/pages\/207\/revisions\/209"}],"up":[{"embeddable":true,"href":"https:\/\/www.cmrcarpenteria.com\/de\/wp-json\/wp\/v2\/pages\/162"}],"wp:attachment":[{"href":"https:\/\/www.cmrcarpenteria.com\/de\/wp-json\/wp\/v2\/media?parent=207"}],"curies":[{"name":"wp","href":"https:\/\/api.w.org\/{rel}","templated":true}]}}