{"id":266,"date":"2025-07-16T15:23:07","date_gmt":"2025-07-16T15:23:07","guid":{"rendered":"http:\/\/www.cmrcarpenteria.com\/metallbau-cmr-pordenone\/"},"modified":"2025-07-21T09:04:31","modified_gmt":"2025-07-21T09:04:31","slug":"metallbau-cmr-pordenone","status":"publish","type":"page","link":"https:\/\/www.cmrcarpenteria.com\/de\/metallbau-cmr-pordenone\/","title":{"rendered":"Metallbau CMR Pordenone"},"content":{"rendered":"<p>[et_pb_section fb_built=&#8220;1&#8243; _builder_version=&#8220;4.27.4&#8243; _module_preset=&#8220;default&#8220; use_background_color_gradient=&#8220;on&#8220; background_color_gradient_stops=&#8220;#3d3d3d 0%|#696969 100%&#8220; background_color_gradient_overlays_image=&#8220;on&#8220; background_enable_image=&#8220;off&#8220; custom_padding=&#8220;20vh||||false|false&#8220; saved_tabs=&#8220;all&#8220; locked=&#8220;off&#8220; global_colors_info=&#8220;{}&#8220;][et_pb_row _builder_version=&#8220;4.27.4&#8243; _module_preset=&#8220;default&#8220; global_colors_info=&#8220;{}&#8220;][et_pb_column type=&#8220;4_4&#8243; _builder_version=&#8220;4.27.4&#8243; _module_preset=&#8220;default&#8220; global_colors_info=&#8220;{}&#8220;][et_pb_text _builder_version=&#8220;4.27.4&#8243; _dynamic_attributes=&#8220;content&#8220; _module_preset=&#8220;default&#8220; text_font=&#8220;|700|||||||&#8220; text_text_color=&#8220;#FFFFFF&#8220; text_font_size=&#8220;34px&#8220; text_line_height=&#8220;1.4em&#8220; header_font=&#8220;|700|||||||&#8220; header_text_color=&#8220;#FFFFFF&#8220; header_font_size=&#8220;34px&#8220; text_orientation=&#8220;center&#8220; background_layout=&#8220;dark&#8220; text_text_shadow_style=&#8220;preset3&#8243; global_colors_info=&#8220;{}&#8220;]@ET-DC@eyJkeW5hbWljIjp0cnVlLCJjb250ZW50IjoicG9zdF90aXRsZSIsInNldHRpbmdzIjp7ImJlZm9yZSI6IjxoMT4iLCJhZnRlciI6IjwvaDE+IiwiZW5hYmxlX2h0bWwiOiJvZmYifX0=@[\/et_pb_text][\/et_pb_column][\/et_pb_row][\/et_pb_section][et_pb_section fb_built=&#8220;1&#8243; _builder_version=&#8220;4.27.4&#8243; _module_preset=&#8220;default&#8220; background_color=&#8220;#FFFFFF&#8220; locked=&#8220;off&#8220; global_colors_info=&#8220;{}&#8220;][et_pb_row make_equal=&#8220;on&#8220; _builder_version=&#8220;4.27.4&#8243; _module_preset=&#8220;default&#8220; global_colors_info=&#8220;{}&#8220;][et_pb_column type=&#8220;4_4&#8243; _builder_version=&#8220;4.27.4&#8243; _module_preset=&#8220;default&#8220; custom_css_main_element=&#8220;margin: auto;&#8220; global_colors_info=&#8220;{}&#8220;][et_pb_text _builder_version=&#8220;4.27.4&#8243; _module_preset=&#8220;default&#8220; text_font=&#8220;||||||||&#8220; text_text_color=&#8220;#332B33&#8243; text_font_size=&#8220;16px&#8220; text_line_height=&#8220;1.4em&#8220; header_text_color=&#8220;#FFFFFF&#8220; header_font_size=&#8220;24px&#8220; module_alignment=&#8220;center&#8220; custom_margin=&#8220;||||false|false&#8220; hover_enabled=&#8220;0&#8243; locked=&#8220;off&#8220; global_colors_info=&#8220;{}&#8220; sticky_enabled=&#8220;0&#8243;]<\/p>\n<p>Die\u00a0<strong>Metallbau der CMR in Pordenone<\/strong>\u00a0sind dank der Professionalit\u00e4t ihrer zertifizierten Mitarbeiter und Planer \u00e4u\u00dferst hochwertige L\u00f6sungen im Bereich der leichten und mittleren Zimmerei. T\u00e4glich wenden sich Bauunternehmen, Ingenieure, Industrie und Architekten an uns, um diese Dienstleistung in Anspruch zu nehmen.<\/p>\n<p>Dank der bew\u00e4hrten Erfahrung der CMR Carpenteria verf\u00fcgen wir \u00fcber eine moderne Produktionsst\u00e4tte, die mit allen notwendigen Instrumenten und Ausr\u00fcstungen ausgestattet ist, um nicht nur auf dem italienischen Markt, sondern auch auf den ausl\u00e4ndischen M\u00e4rkten wettbewerbsf\u00e4hig zu sein. Jedes unserer Projekte wird mit der Unterst\u00fctzung hervorragender Fachleute durchgef\u00fchrt, die es gewohnt sind, die unterschiedlichsten Anfragen von Privatpersonen zu erf\u00fcllen.<\/p>\n<p>F\u00fcr unseren Service nutzen wir fortschrittliche Computersysteme, Maschinen mit numerischer Steuerung, dreidimensionale Modellierung, Montageausr\u00fcstung und vor allem die Arbeit von Menschen. Wir sprechen von grundlegenden Werkzeugen f\u00fcr die Herstellung hochwertiger Metallkonstruktionen, die den Anforderungen des immer qualifizierteren und vielf\u00e4ltigeren Marktes gerecht werden.<\/p>\n<h2><strong>Bauqualit\u00e4t<\/strong><\/h2>\n<p>In den\u00a0<strong>Metallbau der CMR in Pordenone<\/strong>\u00a0kann man die Liebe zum Detail, die Leidenschaft f\u00fcr die Arbeit, das hohe fachliche Niveau und die gro\u00dfe Aufmerksamkeit f\u00fcr die Bed\u00fcrfnisse der Kunden sehen. Wir sprechen \u00fcber all die St\u00e4rken, die uns auszeichnen und die es uns erm\u00f6glicht haben, uns in diesem Bereich hervorzutun.<\/p>\n<p>Wir sind der Meinung, dass der Metallbausektor stark w\u00e4chst, sowohl wegen der M\u00f6glichkeiten, die ein vielseitiger Werkstoff wie Stahl bietet, der sich an die Bed\u00fcrfnisse jedes Bauvorhabens anpassen kann, als auch wegen der objektiven Vorteile der leichten Vorfabrikation.<\/p>\n<p>Unsere Arbeit beruht auch auf dem Studium gro\u00dfer internationaler Werke durch unsere Designer, insbesondere in L\u00e4ndern wie Deutschland, England und Frankreich, in denen die Verwendung und die Kultur von Stahl eine gro\u00dfe Rolle spielen.<\/p>\n<p>Das Ziel der\u00a0<strong>CMR Carpenteria<\/strong>\u00a0ist es, in der Gegend von Pordenone zu bleiben und die F\u00e4higkeiten unserer Mitarbeiter t\u00e4glich weiterzuentwickeln, immer mit der gr\u00f6\u00dften Leidenschaft und Bescheidenheit, die uns seit Jahrzehnten im Bereich des Metallbaus auszeichnen.<\/p>\n<h2><strong>Unsere Dienstleistungen<\/strong><\/h2>\n<p>Neben der Hauptleistung Metallbau bieten wir auch eine Reihe von Dienstleistungen an, wie zum Beispiel:<\/p>\n<ul>\n<li>Transport und Montage, durch die wir direkt in Pordenone und Umgebung t\u00e4tig sind. F\u00fcr diesen Service verf\u00fcgen wir \u00fcber alle notwendigen Mittel und Ausr\u00fcstungen, einschlie\u00dflich Hubarbeitsb\u00fchnen und Kranwagen;<\/li>\n<li>Oberfl\u00e4chenbehandlungen, vollst\u00e4ndiges Pr\u00e4gen, Lackieren, Sandstrahlen sowie Hei\u00df- und Kaltverzinkung;<\/li>\n<li>Die\u00a0<strong>Metallbau der CMR in Pordenone<\/strong>\u00a0werden in unserer voll ausgestatteten Werkstatt hergestellt. Dazu geh\u00f6ren die Montage, der Bau von Zubeh\u00f6r wie Gel\u00e4ndern und Leitern sowie die Vormontage von Einheiten aller Gr\u00f6\u00dfen;<\/li>\n<li>Allgemeine und detaillierte Planung, mit dem Ziel der strukturellen Dimensionierung, der Erstellung von Werkstattzeichnungen in einer CAD-Umgebung, Versandlisten, Montagezeichnungen und vieles mehr.<\/li>\n<\/ul>\n<p><strong>Kontaktieren Sie uns f\u00fcr Informationen und Kostenvoranschl\u00e4ge!<\/strong><\/p>\n<p>[\/et_pb_text][et_pb_button button_url=&#8220;@ET-DC@eyJkeW5hbWljIjp0cnVlLCJjb250ZW50IjoicG9zdF9saW5rX3VybF9wYWdlIiwic2V0dGluZ3MiOnsicG9zdF9pZCI6IjM3IiwiZW5hYmxlX2h0bWwiOiJvZmYifX0=@&#8220; button_text=&#8220;Kontakte&#8220; _builder_version=&#8220;4.27.4&#8243; _dynamic_attributes=&#8220;button_url&#8220; _module_preset=&#8220;default&#8220; custom_button=&#8220;on&#8220; button_text_color=&#8220;#FFFFFF&#8220; button_bg_color=&#8220;#66AA33&#8243; button_border_width=&#8220;2px&#8220; button_border_color=&#8220;#66AA33&#8243; button_border_radius=&#8220;10px&#8220; button_font=&#8220;|700|||||||&#8220; button_use_icon=&#8220;off&#8220; custom_padding=&#8220;8px|40px|8px|40px|false|false&#8220; custom_css_main_element=&#8220;display: inline-block !important;||width: auto;&#8220; locked=&#8220;off&#8220; global_colors_info=&#8220;{}&#8220; button_border_color__hover_enabled=&#8220;on|hover&#8220; button_border_color__hover=&#8220;#696969&#8243; button_bg_color__hover_enabled=&#8220;on|hover&#8220; button_bg_color__hover=&#8220;#696969&#8243; button_bg_enable_color__hover=&#8220;on&#8220; button_icon_color__hover_enabled=&#8220;off|desktop&#8220; button_icon_color__hover=&#8220;#FFFFFF&#8220;][\/et_pb_button][\/et_pb_column][\/et_pb_row][\/et_pb_section]<\/p>\n","protected":false},"excerpt":{"rendered":"<p>Die\u00a0Metallbau der CMR in Pordenone\u00a0sind dank der Professionalit\u00e4t ihrer zertifizierten Mitarbeiter und Planer \u00e4u\u00dferst hochwertige L\u00f6sungen im Bereich der leichten und mittleren Zimmerei. T\u00e4glich wenden sich Bauunternehmen, Ingenieure, Industrie und Architekten an uns, um diese Dienstleistung in Anspruch zu nehmen. Dank der bew\u00e4hrten Erfahrung der CMR Carpenteria verf\u00fcgen wir \u00fcber eine moderne Produktionsst\u00e4tte, die mit [&hellip;]<\/p>\n","protected":false},"author":1,"featured_media":0,"parent":0,"menu_order":10,"comment_status":"closed","ping_status":"closed","template":"","meta":{"_et_pb_use_builder":"on","_et_pb_old_content":"","_et_gb_content_width":"","footnotes":""},"class_list":["post-266","page","type-page","status-publish","hentry"],"_links":{"self":[{"href":"https:\/\/www.cmrcarpenteria.com\/de\/wp-json\/wp\/v2\/pages\/266","targetHints":{"allow":["GET"]}}],"collection":[{"href":"https:\/\/www.cmrcarpenteria.com\/de\/wp-json\/wp\/v2\/pages"}],"about":[{"href":"https:\/\/www.cmrcarpenteria.com\/de\/wp-json\/wp\/v2\/types\/page"}],"author":[{"embeddable":true,"href":"https:\/\/www.cmrcarpenteria.com\/de\/wp-json\/wp\/v2\/users\/1"}],"replies":[{"embeddable":true,"href":"https:\/\/www.cmrcarpenteria.com\/de\/wp-json\/wp\/v2\/comments?post=266"}],"version-history":[{"count":5,"href":"https:\/\/www.cmrcarpenteria.com\/de\/wp-json\/wp\/v2\/pages\/266\/revisions"}],"predecessor-version":[{"id":272,"href":"https:\/\/www.cmrcarpenteria.com\/de\/wp-json\/wp\/v2\/pages\/266\/revisions\/272"}],"wp:attachment":[{"href":"https:\/\/www.cmrcarpenteria.com\/de\/wp-json\/wp\/v2\/media?parent=266"}],"curies":[{"name":"wp","href":"https:\/\/api.w.org\/{rel}","templated":true}]}}