{"id":336,"date":"2025-07-16T15:23:22","date_gmt":"2025-07-16T15:23:22","guid":{"rendered":"http:\/\/www.cmrcarpenteria.com\/bearbeitungszentrum-in-pordenone\/"},"modified":"2025-07-21T10:14:11","modified_gmt":"2025-07-21T10:14:11","slug":"bearbeitungszentrum-in-pordenone","status":"publish","type":"page","link":"https:\/\/www.cmrcarpenteria.com\/de\/bearbeitungszentrum-in-pordenone\/","title":{"rendered":"Bearbeitungszentrum in Pordenone"},"content":{"rendered":"<p>[et_pb_section fb_built=&#8220;1&#8243; _builder_version=&#8220;4.27.4&#8243; _module_preset=&#8220;default&#8220; use_background_color_gradient=&#8220;on&#8220; background_color_gradient_stops=&#8220;#3d3d3d 0%|#696969 100%&#8220; background_color_gradient_overlays_image=&#8220;on&#8220; background_enable_image=&#8220;off&#8220; custom_padding=&#8220;20vh||||false|false&#8220; global_module=&#8220;153&#8243; saved_tabs=&#8220;all&#8220; locked=&#8220;off&#8220; global_colors_info=&#8220;{}&#8220; theme_builder_area=&#8220;post_content&#8220;][et_pb_row _builder_version=&#8220;4.27.4&#8243; _module_preset=&#8220;default&#8220; global_colors_info=&#8220;{}&#8220; theme_builder_area=&#8220;post_content&#8220;][et_pb_column type=&#8220;4_4&#8243; _builder_version=&#8220;4.27.4&#8243; _module_preset=&#8220;default&#8220; global_colors_info=&#8220;{}&#8220; theme_builder_area=&#8220;post_content&#8220;][et_pb_text _builder_version=&#8220;4.27.4&#8243; _dynamic_attributes=&#8220;content&#8220; _module_preset=&#8220;default&#8220; text_font=&#8220;|700|||||||&#8220; text_text_color=&#8220;#FFFFFF&#8220; text_font_size=&#8220;34px&#8220; text_line_height=&#8220;1.4em&#8220; header_font=&#8220;|700|||||||&#8220; header_text_color=&#8220;#FFFFFF&#8220; header_font_size=&#8220;34px&#8220; text_orientation=&#8220;center&#8220; background_layout=&#8220;dark&#8220; text_text_shadow_style=&#8220;preset3&#8243; global_colors_info=&#8220;{}&#8220; theme_builder_area=&#8220;post_content&#8220;]@ET-DC@eyJkeW5hbWljIjp0cnVlLCJjb250ZW50IjoicG9zdF90aXRsZSIsInNldHRpbmdzIjp7ImJlZm9yZSI6IjxoMT4iLCJhZnRlciI6IjwvaDE+IiwiZW5hYmxlX2h0bWwiOiJvZmYifX0=@[\/et_pb_text][\/et_pb_column][\/et_pb_row][\/et_pb_section][et_pb_section fb_built=&#8220;1&#8243; _builder_version=&#8220;4.27.4&#8243; _module_preset=&#8220;default&#8220; background_color=&#8220;#FFFFFF&#8220; locked=&#8220;off&#8220; global_colors_info=&#8220;{}&#8220; theme_builder_area=&#8220;post_content&#8220;][et_pb_row make_equal=&#8220;on&#8220; _builder_version=&#8220;4.27.4&#8243; _module_preset=&#8220;default&#8220; global_colors_info=&#8220;{}&#8220; theme_builder_area=&#8220;post_content&#8220;][et_pb_column type=&#8220;4_4&#8243; _builder_version=&#8220;4.27.4&#8243; _module_preset=&#8220;default&#8220; custom_css_main_element=&#8220;margin: auto;&#8220; global_colors_info=&#8220;{}&#8220; theme_builder_area=&#8220;post_content&#8220;][et_pb_text _builder_version=&#8220;4.27.4&#8243; _module_preset=&#8220;default&#8220; text_font=&#8220;||||||||&#8220; text_text_color=&#8220;#332B33&#8243; text_font_size=&#8220;16px&#8220; text_line_height=&#8220;1.4em&#8220; header_text_color=&#8220;#FFFFFF&#8220; header_font_size=&#8220;24px&#8220; module_alignment=&#8220;center&#8220; custom_margin=&#8220;||||false|false&#8220; hover_enabled=&#8220;0&#8243; locked=&#8220;off&#8220; global_colors_info=&#8220;{}&#8220; theme_builder_area=&#8220;post_content&#8220; sticky_enabled=&#8220;0&#8243;]<\/p>\n<p>Unser Unternehmen wurde 1987 in <strong>Rauscedo <\/strong>gegr\u00fcndet, dank der Bem\u00fchungen einer Handvoll Menschen, die sich f\u00fcr die <strong>Welt der Metallzimmerei begeisterten<\/strong>. Von Anfang an zeichnete sich das neue Unternehmen durch eine st\u00e4ndige <strong>Suche nach den besten L\u00f6sungen<\/strong> f\u00fcr Privatkunden und Unternehmen aus, die auf der Suche nach <strong>modernsten Werkzeugen in diesem Bereich waren<\/strong>. CMR Carpenteria hat auch versucht, die typischen Traditionen von Rauscedo nicht zu verleugnen und sich als eines der wenigen Unternehmen zu profilieren, die eine starke Bindung an ihr Herkunftsgebiet haben. In den Jahren nach seiner Gr\u00fcndung hat sich das <strong>Unternehmen st\u00e4ndig weiterentwickelt<\/strong>, wobei der Schwerpunkt auf der Verbesserung der eingesetzten Werkzeuge, Verfahren und <strong>Arbeitstechniken lag<\/strong>. <\/p>\n<p>Das gro\u00dfe Engagement f\u00fcr seine Arbeit hat <strong>CMR Carpenteria<\/strong> ein schnelles Wachstum erm\u00f6glicht, bis es zu einem wichtigen Bezugspunkt in der Region geworden ist und sich st\u00e4ndig weiterentwickelt. Um nicht stehen zu bleiben, beschlossen die <strong>Mitarbeiter des Unternehmens<\/strong>, Werkzeuge f\u00fcr die Herstellung von leichten und mittelschweren Zimmermannsarbeiten zu kaufen. Dank dieser Entscheidung hat sich <strong>CMR Carpenteria<\/strong> im Laufe der Zeit zu einem f\u00fchrenden Unternehmen in der <strong>Herstellung von Zimmereimaschinen entwickelt<\/strong> und verf\u00fcgt heute sogar \u00fcber ein <strong>Bearbeitungszentrum in Pordenone<\/strong>.  <\/p>\n<h2><strong>CMR Carpentry, Bearbeitungszentrum in Pordenone heute<\/strong><\/h2>\n<p>Wir sind derzeit ein f\u00fchrendes Unternehmen in diesem Sektor und arbeiten nicht nur mit verschiedenen wichtigen italienischen, sondern auch mit ausl\u00e4ndischen Unternehmen zusammen. In unserem Team <strong>arbeiten nur hochqualifizierte Fachleute<\/strong>, die in der Lage sind, Arbeiten wie die Blechbearbeitung oder die Herstellung von <strong>Zugstangen und Zugst\u00e4ben<\/strong> f\u00fcr die Bauindustrie zu \u00fcbernehmen. <\/p>\n<p>Trotz all der gro\u00dfen Erfolge, die wir im Laufe der Jahre erzielt haben, ist unsere Philosophie die gleiche geblieben: niemals stehen bleiben und sich st\u00e4ndig weiterentwickeln und verbessern. Dieser Ansatz hat es uns erm\u00f6glicht, viel mehr als nur ein Unternehmen zu werden: Unser Team ist eine echte <strong>Familie von Metallbauern<\/strong>. Eine Familie, der Fachleute aus verschiedenen Bereichen angeh\u00f6ren, darunter Vermesser, Zimmerleute, Ingenieure, Monteure, Schwei\u00dfer und eine <strong>Vielzahl externer Mitarbeiter<\/strong>.  <\/p>\n<p><strong>Asbestsanierungsdienst<\/strong><\/p>\n<p>Wir f\u00fchren auch die <strong>Entsorgung von Asbest durch<\/strong>. Wir bieten diese Dienstleistung an, weil wir uns aller Probleme bewusst sind, die Asbest mit sich bringen kann, und wir haben im Laufe der Zeit eine Arbeitsgruppe von Fachleuten gebildet, die sich ausschlie\u00dflich mit der <strong>Entfernung und anschlie\u00dfenden Entsorgung von Asbest befasst<\/strong>. Auf diese Weise versuchen wir, unseren Beitrag zu einer sauberen <strong>Umwelt zu leisten<\/strong>!<\/p>\n<p>[\/et_pb_text][et_pb_button button_url=&#8220;@ET-DC@eyJkeW5hbWljIjp0cnVlLCJjb250ZW50IjoicG9zdF9saW5rX3VybF9wYWdlIiwic2V0dGluZ3MiOnsicG9zdF9pZCI6IjM3IiwiZW5hYmxlX2h0bWwiOiJvZmYifX0=@&#8220; button_text=&#8220;Kontakte&#8220; _builder_version=&#8220;4.27.4&#8243; _dynamic_attributes=&#8220;button_url&#8220; _module_preset=&#8220;default&#8220; custom_button=&#8220;on&#8220; button_text_color=&#8220;#FFFFFF&#8220; button_bg_color=&#8220;#66AA33&#8243; button_border_width=&#8220;2px&#8220; button_border_color=&#8220;#66AA33&#8243; button_border_radius=&#8220;10px&#8220; button_font=&#8220;|700|||||||&#8220; button_use_icon=&#8220;off&#8220; custom_padding=&#8220;8px|40px|8px|40px|false|false&#8220; custom_css_main_element=&#8220;display: inline-block !important;||width: auto;&#8220; locked=&#8220;off&#8220; global_colors_info=&#8220;{}&#8220; button_border_color__hover_enabled=&#8220;on|hover&#8220; button_border_color__hover=&#8220;#696969&#8243; button_bg_color__hover_enabled=&#8220;on|hover&#8220; button_bg_color__hover=&#8220;#696969&#8243; button_bg_enable_color__hover=&#8220;on&#8220; button_icon_color__hover_enabled=&#8220;off|desktop&#8220; button_icon_color__hover=&#8220;#FFFFFF&#8220; theme_builder_area=&#8220;post_content&#8220;][\/et_pb_button][\/et_pb_column][\/et_pb_row][\/et_pb_section]<\/p>\n","protected":false},"excerpt":{"rendered":"<p>Unser Unternehmen wurde 1987 in Rauscedo gegr\u00fcndet, dank der Bem\u00fchungen einer Handvoll Menschen, die sich f\u00fcr die Welt der Metallzimmerei begeisterten. Von Anfang an zeichnete sich das neue Unternehmen durch eine st\u00e4ndige Suche nach den besten L\u00f6sungen f\u00fcr Privatkunden und Unternehmen aus, die auf der Suche nach modernsten Werkzeugen in diesem Bereich waren. CMR Carpenteria [&hellip;]<\/p>\n","protected":false},"author":1,"featured_media":0,"parent":0,"menu_order":11,"comment_status":"closed","ping_status":"closed","template":"","meta":{"_et_pb_use_builder":"on","_et_pb_old_content":"","_et_gb_content_width":"","footnotes":""},"class_list":["post-336","page","type-page","status-publish","hentry"],"_links":{"self":[{"href":"https:\/\/www.cmrcarpenteria.com\/de\/wp-json\/wp\/v2\/pages\/336","targetHints":{"allow":["GET"]}}],"collection":[{"href":"https:\/\/www.cmrcarpenteria.com\/de\/wp-json\/wp\/v2\/pages"}],"about":[{"href":"https:\/\/www.cmrcarpenteria.com\/de\/wp-json\/wp\/v2\/types\/page"}],"author":[{"embeddable":true,"href":"https:\/\/www.cmrcarpenteria.com\/de\/wp-json\/wp\/v2\/users\/1"}],"replies":[{"embeddable":true,"href":"https:\/\/www.cmrcarpenteria.com\/de\/wp-json\/wp\/v2\/comments?post=336"}],"version-history":[{"count":4,"href":"https:\/\/www.cmrcarpenteria.com\/de\/wp-json\/wp\/v2\/pages\/336\/revisions"}],"predecessor-version":[{"id":340,"href":"https:\/\/www.cmrcarpenteria.com\/de\/wp-json\/wp\/v2\/pages\/336\/revisions\/340"}],"wp:attachment":[{"href":"https:\/\/www.cmrcarpenteria.com\/de\/wp-json\/wp\/v2\/media?parent=336"}],"curies":[{"name":"wp","href":"https:\/\/api.w.org\/{rel}","templated":true}]}}