{"id":342,"date":"2025-07-16T15:25:42","date_gmt":"2025-07-16T15:25:42","guid":{"rendered":"http:\/\/www.cmrcarpenteria.com\/plasmaschneiden-und-bohren-in-pordenone\/"},"modified":"2025-07-21T10:17:25","modified_gmt":"2025-07-21T10:17:25","slug":"plasmaschneiden-und-bohren-in-pordenone","status":"publish","type":"page","link":"https:\/\/www.cmrcarpenteria.com\/de\/plasmaschneiden-und-bohren-in-pordenone\/","title":{"rendered":"Plasmaschneiden und Bohren in Pordenone"},"content":{"rendered":"<p>[et_pb_section fb_built=&#8220;1&#8243; _builder_version=&#8220;4.27.4&#8243; _module_preset=&#8220;default&#8220; use_background_color_gradient=&#8220;on&#8220; background_color_gradient_stops=&#8220;#3d3d3d 0%|#696969 100%&#8220; background_color_gradient_overlays_image=&#8220;on&#8220; background_enable_image=&#8220;off&#8220; custom_padding=&#8220;20vh||||false|false&#8220; global_module=&#8220;153&#8243; saved_tabs=&#8220;all&#8220; locked=&#8220;off&#8220; global_colors_info=&#8220;{}&#8220; theme_builder_area=&#8220;post_content&#8220;][et_pb_row _builder_version=&#8220;4.27.4&#8243; _module_preset=&#8220;default&#8220; global_colors_info=&#8220;{}&#8220; theme_builder_area=&#8220;post_content&#8220;][et_pb_column type=&#8220;4_4&#8243; _builder_version=&#8220;4.27.4&#8243; _module_preset=&#8220;default&#8220; global_colors_info=&#8220;{}&#8220; theme_builder_area=&#8220;post_content&#8220;][et_pb_text _builder_version=&#8220;4.27.4&#8243; _dynamic_attributes=&#8220;content&#8220; _module_preset=&#8220;default&#8220; text_font=&#8220;|700|||||||&#8220; text_text_color=&#8220;#FFFFFF&#8220; text_font_size=&#8220;34px&#8220; text_line_height=&#8220;1.4em&#8220; header_font=&#8220;|700|||||||&#8220; header_text_color=&#8220;#FFFFFF&#8220; header_font_size=&#8220;34px&#8220; text_orientation=&#8220;center&#8220; background_layout=&#8220;dark&#8220; text_text_shadow_style=&#8220;preset3&#8243; global_colors_info=&#8220;{}&#8220; theme_builder_area=&#8220;post_content&#8220;]@ET-DC@eyJkeW5hbWljIjp0cnVlLCJjb250ZW50IjoicG9zdF90aXRsZSIsInNldHRpbmdzIjp7ImJlZm9yZSI6IjxoMT4iLCJhZnRlciI6IjwvaDE+IiwiZW5hYmxlX2h0bWwiOiJvZmYifX0=@[\/et_pb_text][\/et_pb_column][\/et_pb_row][\/et_pb_section][et_pb_section fb_built=&#8220;1&#8243; _builder_version=&#8220;4.27.4&#8243; _module_preset=&#8220;default&#8220; background_color=&#8220;#FFFFFF&#8220; locked=&#8220;off&#8220; global_colors_info=&#8220;{}&#8220; theme_builder_area=&#8220;post_content&#8220;][et_pb_row make_equal=&#8220;on&#8220; _builder_version=&#8220;4.27.4&#8243; _module_preset=&#8220;default&#8220; global_colors_info=&#8220;{}&#8220; theme_builder_area=&#8220;post_content&#8220;][et_pb_column type=&#8220;4_4&#8243; _builder_version=&#8220;4.27.4&#8243; _module_preset=&#8220;default&#8220; custom_css_main_element=&#8220;margin: auto;&#8220; global_colors_info=&#8220;{}&#8220; theme_builder_area=&#8220;post_content&#8220;][et_pb_text _builder_version=&#8220;4.27.4&#8243; _module_preset=&#8220;default&#8220; text_font=&#8220;||||||||&#8220; text_text_color=&#8220;#332B33&#8243; text_font_size=&#8220;16px&#8220; text_line_height=&#8220;1.4em&#8220; header_text_color=&#8220;#FFFFFF&#8220; header_font_size=&#8220;24px&#8220; module_alignment=&#8220;center&#8220; custom_margin=&#8220;||||false|false&#8220; hover_enabled=&#8220;0&#8243; locked=&#8220;off&#8220; global_colors_info=&#8220;{}&#8220; theme_builder_area=&#8220;post_content&#8220; sticky_enabled=&#8220;0&#8243;]<\/p>\n<p><strong>Bohren <\/strong>und <strong>Schneiden <\/strong>von Metall sind die wichtigsten Bearbeitungsverfahren in unserer Branche. Der Einsatz modernster Maschinen und hochqualifizierter Mitarbeiter erm\u00f6glicht es uns, hohe Qualit\u00e4tsstandards f\u00fcr die Herstellung perfekter Metallkomponenten zu erreichen, die f\u00fcr solide und sichere Strukturen verwendet werden.<\/p>\n<h2><strong>Plasmaschneiden in Pordenone<\/strong><\/h2>\n<p>Das <strong>Plasmaschneiden <\/strong>ist ein Verfahren, bei dem ein Hochgeschwindigkeitsstrahl aus ionisiertem Gas unter hohem Druck abgegeben wird. Diese Str\u00f6mung entfernt das geschmolzene Teil mechanisch und \u00e4tzt so das Material.<\/p>\n<p>Das <strong>Plasmaschneiden <\/strong>wird f\u00fcr alle Arten von Metallen eingesetzt, um qualitativ hochwertige Risse und ausgezeichnete Produktivit\u00e4tsstandards zu erzielen. Unter bestimmten Umst\u00e4nden kann es ein Niveau erreichen, das mit dem Laserschneiden vergleichbar ist, allerdings bei deutlich geringeren Produktionskosten.<\/p>\n<p>Seine Verwendung hat mehrere Vorteile, darunter die einfache Handhabung, die h\u00f6here Pr\u00e4zision der Gravur und die h\u00f6here Geschwindigkeit.<\/p>\n<h2><strong>Bohren in Pordenone<\/strong><\/h2>\n<p>Dar\u00fcber hinaus befassen wir uns mit dem <strong>Bohren von Metallen<\/strong> mit Pr\u00e4zisionsbohrern, um perfekte, auf den Zehntelmillimeter genau kalibrierte L\u00f6cher in verschiedenen Dicken f\u00fcr die korrekte Verwendung der gebohrten Komponenten beim Bau von Metallstrukturen zu gew\u00e4hrleisten.<\/p>\n<p>[\/et_pb_text][et_pb_button button_url=&#8220;@ET-DC@eyJkeW5hbWljIjp0cnVlLCJjb250ZW50IjoicG9zdF9saW5rX3VybF9wYWdlIiwic2V0dGluZ3MiOnsicG9zdF9pZCI6IjM3IiwiZW5hYmxlX2h0bWwiOiJvZmYifX0=@&#8220; button_text=&#8220;Kontakte&#8220; _builder_version=&#8220;4.27.4&#8243; _dynamic_attributes=&#8220;button_url&#8220; _module_preset=&#8220;default&#8220; custom_button=&#8220;on&#8220; button_text_color=&#8220;#FFFFFF&#8220; button_bg_color=&#8220;#66AA33&#8243; button_border_width=&#8220;2px&#8220; button_border_color=&#8220;#66AA33&#8243; button_border_radius=&#8220;10px&#8220; button_font=&#8220;|700|||||||&#8220; button_use_icon=&#8220;off&#8220; custom_padding=&#8220;8px|40px|8px|40px|false|false&#8220; custom_css_main_element=&#8220;display: inline-block !important;||width: auto;&#8220; locked=&#8220;off&#8220; global_colors_info=&#8220;{}&#8220; button_border_color__hover_enabled=&#8220;on|hover&#8220; button_border_color__hover=&#8220;#696969&#8243; button_bg_color__hover_enabled=&#8220;on|hover&#8220; button_bg_color__hover=&#8220;#696969&#8243; button_bg_enable_color__hover=&#8220;on&#8220; button_icon_color__hover_enabled=&#8220;off|desktop&#8220; button_icon_color__hover=&#8220;#FFFFFF&#8220; theme_builder_area=&#8220;post_content&#8220;][\/et_pb_button][\/et_pb_column][\/et_pb_row][\/et_pb_section]<\/p>\n","protected":false},"excerpt":{"rendered":"<p>Bohren und Schneiden von Metall sind die wichtigsten Bearbeitungsverfahren in unserer Branche. Der Einsatz modernster Maschinen und hochqualifizierter Mitarbeiter erm\u00f6glicht es uns, hohe Qualit\u00e4tsstandards f\u00fcr die Herstellung perfekter Metallkomponenten zu erreichen, die f\u00fcr solide und sichere Strukturen verwendet werden. Plasmaschneiden in Pordenone Das Plasmaschneiden ist ein Verfahren, bei dem ein Hochgeschwindigkeitsstrahl aus ionisiertem Gas unter [&hellip;]<\/p>\n","protected":false},"author":1,"featured_media":0,"parent":0,"menu_order":22,"comment_status":"closed","ping_status":"closed","template":"","meta":{"_et_pb_use_builder":"on","_et_pb_old_content":"","_et_gb_content_width":"","footnotes":""},"class_list":["post-342","page","type-page","status-publish","hentry"],"_links":{"self":[{"href":"https:\/\/www.cmrcarpenteria.com\/de\/wp-json\/wp\/v2\/pages\/342","targetHints":{"allow":["GET"]}}],"collection":[{"href":"https:\/\/www.cmrcarpenteria.com\/de\/wp-json\/wp\/v2\/pages"}],"about":[{"href":"https:\/\/www.cmrcarpenteria.com\/de\/wp-json\/wp\/v2\/types\/page"}],"author":[{"embeddable":true,"href":"https:\/\/www.cmrcarpenteria.com\/de\/wp-json\/wp\/v2\/users\/1"}],"replies":[{"embeddable":true,"href":"https:\/\/www.cmrcarpenteria.com\/de\/wp-json\/wp\/v2\/comments?post=342"}],"version-history":[{"count":4,"href":"https:\/\/www.cmrcarpenteria.com\/de\/wp-json\/wp\/v2\/pages\/342\/revisions"}],"predecessor-version":[{"id":346,"href":"https:\/\/www.cmrcarpenteria.com\/de\/wp-json\/wp\/v2\/pages\/342\/revisions\/346"}],"wp:attachment":[{"href":"https:\/\/www.cmrcarpenteria.com\/de\/wp-json\/wp\/v2\/media?parent=342"}],"curies":[{"name":"wp","href":"https:\/\/api.w.org\/{rel}","templated":true}]}}