{"id":364,"date":"2025-07-16T15:24:27","date_gmt":"2025-07-16T15:24:27","guid":{"rendered":"http:\/\/www.cmrcarpenteria.com\/herstellung-von-spurstangen-und-zugstangen-in-friaul\/"},"modified":"2025-07-21T10:28:29","modified_gmt":"2025-07-21T10:28:29","slug":"herstellung-von-spurstangen-und-zugstangen-in-friaul","status":"publish","type":"page","link":"https:\/\/www.cmrcarpenteria.com\/de\/herstellung-von-spurstangen-und-zugstangen-in-friaul\/","title":{"rendered":"Herstellung von Spurstangen und Zugstangen in Friaul"},"content":{"rendered":"<p>[et_pb_section fb_built=&#8220;1&#8243; _builder_version=&#8220;4.27.4&#8243; _module_preset=&#8220;default&#8220; use_background_color_gradient=&#8220;on&#8220; background_color_gradient_stops=&#8220;#3d3d3d 0%|#696969 100%&#8220; background_color_gradient_overlays_image=&#8220;on&#8220; background_enable_image=&#8220;off&#8220; custom_padding=&#8220;20vh||||false|false&#8220; global_module=&#8220;153&#8243; saved_tabs=&#8220;all&#8220; locked=&#8220;off&#8220; global_colors_info=&#8220;{}&#8220; theme_builder_area=&#8220;post_content&#8220;][et_pb_row _builder_version=&#8220;4.27.4&#8243; _module_preset=&#8220;default&#8220; global_colors_info=&#8220;{}&#8220; theme_builder_area=&#8220;post_content&#8220;][et_pb_column type=&#8220;4_4&#8243; _builder_version=&#8220;4.27.4&#8243; _module_preset=&#8220;default&#8220; global_colors_info=&#8220;{}&#8220; theme_builder_area=&#8220;post_content&#8220;][et_pb_text _builder_version=&#8220;4.27.4&#8243; _dynamic_attributes=&#8220;content&#8220; _module_preset=&#8220;default&#8220; text_font=&#8220;|700|||||||&#8220; text_text_color=&#8220;#FFFFFF&#8220; text_font_size=&#8220;34px&#8220; text_line_height=&#8220;1.4em&#8220; header_font=&#8220;|700|||||||&#8220; header_text_color=&#8220;#FFFFFF&#8220; header_font_size=&#8220;34px&#8220; text_orientation=&#8220;center&#8220; background_layout=&#8220;dark&#8220; text_text_shadow_style=&#8220;preset3&#8243; global_colors_info=&#8220;{}&#8220; theme_builder_area=&#8220;post_content&#8220;]@ET-DC@eyJkeW5hbWljIjp0cnVlLCJjb250ZW50IjoicG9zdF90aXRsZSIsInNldHRpbmdzIjp7ImJlZm9yZSI6IjxoMT4iLCJhZnRlciI6IjwvaDE+IiwiZW5hYmxlX2h0bWwiOiJvZmYifX0=@[\/et_pb_text][\/et_pb_column][\/et_pb_row][\/et_pb_section][et_pb_section fb_built=&#8220;1&#8243; _builder_version=&#8220;4.27.4&#8243; _module_preset=&#8220;default&#8220; background_color=&#8220;#FFFFFF&#8220; locked=&#8220;off&#8220; global_colors_info=&#8220;{}&#8220; theme_builder_area=&#8220;post_content&#8220;][et_pb_row make_equal=&#8220;on&#8220; _builder_version=&#8220;4.27.4&#8243; _module_preset=&#8220;default&#8220; global_colors_info=&#8220;{}&#8220; theme_builder_area=&#8220;post_content&#8220;][et_pb_column type=&#8220;4_4&#8243; _builder_version=&#8220;4.27.4&#8243; _module_preset=&#8220;default&#8220; custom_css_main_element=&#8220;margin: auto;&#8220; global_colors_info=&#8220;{}&#8220; theme_builder_area=&#8220;post_content&#8220;][et_pb_text _builder_version=&#8220;4.27.4&#8243; _module_preset=&#8220;default&#8220; text_font=&#8220;||||||||&#8220; text_text_color=&#8220;#332B33&#8243; text_font_size=&#8220;16px&#8220; text_line_height=&#8220;1.4em&#8220; header_text_color=&#8220;#FFFFFF&#8220; header_font_size=&#8220;24px&#8220; module_alignment=&#8220;center&#8220; custom_margin=&#8220;||||false|false&#8220; hover_enabled=&#8220;0&#8243; locked=&#8220;off&#8220; global_colors_info=&#8220;{}&#8220; theme_builder_area=&#8220;post_content&#8220; sticky_enabled=&#8220;0&#8243;]<\/p>\n<p>C.M.R. ist ein Metallzimmereibetrieb in Pordenone, der sich auf die <strong><em>Herstellung von Zugstangen<\/em> und Spurstangen spezialisiert hat.<\/strong> Die handwerkliche Herkunft und der st\u00e4ndige Wunsch, sich neu zu erfinden und in unerforschte Bereiche vorzusto\u00dfen, machen C.M.R. s.r.l. zu einer zuverl\u00e4ssigen und dynamischen Realit\u00e4t.<\/p>\n<p>Neben der Herstellung von Zugstangen und Abziehern besch\u00e4ftigt sich C.M.R. auch mit:<\/p>\n<ul>\n<li>Stahldach Italien \u2013 Fachwerke aus Stahl Italien<\/li>\n<li>Biegepresse<\/li>\n<li>Verkn\u00f6cherung<\/li>\n<li>Thema<\/li>\n<\/ul>\n<h2><strong>CMR Carpentry: Zugstangen und Zugstangen in Friaul<\/strong><\/h2>\n<p><strong>C.M.R. Carpenteria<\/strong> ist ein Unternehmen, das sich auf die <strong>Herstellung von Metallteilen spezialisiert hat.<\/strong> Wir sind seit 30 Jahren im Bereich der Metallzimmerei t\u00e4tig und haben verschiedene <strong>Qualit\u00e4tszertifikate<\/strong> erhalten, die die Professionalit\u00e4t und das st\u00e4ndige Streben nach Verbesserung von C.M.R. Carpenteria unterstreichen.<\/p>\n<h2><strong>Die zahlreichen Dienstleistungen der C.M.R. Carpentry<\/strong><\/h2>\n<p>Das Unternehmen besch\u00e4ftigt sich mit dem <strong>Bau von Ger\u00fcsten<\/strong>, Stra\u00dfeninfrastruktur, landwirtschaftlichen und industriellen Schuppen, Vord\u00e4chern, Leitern, Gel\u00e4ndern und Unterst\u00e4nden. Wir k\u00fcmmern uns auch um die <strong>Entfernung und anschlie\u00dfende Entsorgung von Asbest<\/strong> und anderen potenziell gef\u00e4hrlichen Stoffen.<\/p>\n<p>Wir verf\u00fcgen \u00fcber ein hochqualifiziertes Ingenieurb\u00fcro, in dem zahlreiche <strong>Berechnungs- und 3D-Zeichenprogramme<\/strong> wie Autocad und Solid Works eingesetzt werden. Wir k\u00f6nnen dreidimensionale Modelle zuk\u00fcnftiger Arbeiten erstellen und sie den Kunden vorlegen, die den Produktionsprozess von der virtuellen Erstellung \u00fcber die Realisierung bis zur Installation verfolgen k\u00f6nnen.<\/p>\n<p>[\/et_pb_text][et_pb_button button_url=&#8220;@ET-DC@eyJkeW5hbWljIjp0cnVlLCJjb250ZW50IjoicG9zdF9saW5rX3VybF9wYWdlIiwic2V0dGluZ3MiOnsicG9zdF9pZCI6IjM3IiwiZW5hYmxlX2h0bWwiOiJvZmYifX0=@&#8220; button_text=&#8220;Kontakte&#8220; _builder_version=&#8220;4.27.4&#8243; _dynamic_attributes=&#8220;button_url&#8220; _module_preset=&#8220;default&#8220; custom_button=&#8220;on&#8220; button_text_color=&#8220;#FFFFFF&#8220; button_bg_color=&#8220;#66AA33&#8243; button_border_width=&#8220;2px&#8220; button_border_color=&#8220;#66AA33&#8243; button_border_radius=&#8220;10px&#8220; button_font=&#8220;|700|||||||&#8220; button_use_icon=&#8220;off&#8220; custom_padding=&#8220;8px|40px|8px|40px|false|false&#8220; custom_css_main_element=&#8220;display: inline-block !important;||width: auto;&#8220; locked=&#8220;off&#8220; global_colors_info=&#8220;{}&#8220; button_border_color__hover_enabled=&#8220;on|hover&#8220; button_border_color__hover=&#8220;#696969&#8243; button_bg_color__hover_enabled=&#8220;on|hover&#8220; button_bg_color__hover=&#8220;#696969&#8243; button_bg_enable_color__hover=&#8220;on&#8220; button_icon_color__hover_enabled=&#8220;off|desktop&#8220; button_icon_color__hover=&#8220;#FFFFFF&#8220; theme_builder_area=&#8220;post_content&#8220;][\/et_pb_button][\/et_pb_column][\/et_pb_row][\/et_pb_section]<\/p>\n","protected":false},"excerpt":{"rendered":"<p>C.M.R. ist ein Metallzimmereibetrieb in Pordenone, der sich auf die Herstellung von Zugstangen und Spurstangen spezialisiert hat. Die handwerkliche Herkunft und der st\u00e4ndige Wunsch, sich neu zu erfinden und in unerforschte Bereiche vorzusto\u00dfen, machen C.M.R. s.r.l. zu einer zuverl\u00e4ssigen und dynamischen Realit\u00e4t. Neben der Herstellung von Zugstangen und Abziehern besch\u00e4ftigt sich C.M.R. auch mit: Stahldach [&hellip;]<\/p>\n","protected":false},"author":1,"featured_media":0,"parent":0,"menu_order":16,"comment_status":"closed","ping_status":"closed","template":"","meta":{"_et_pb_use_builder":"on","_et_pb_old_content":"","_et_gb_content_width":"","footnotes":""},"class_list":["post-364","page","type-page","status-publish","hentry"],"_links":{"self":[{"href":"https:\/\/www.cmrcarpenteria.com\/de\/wp-json\/wp\/v2\/pages\/364","targetHints":{"allow":["GET"]}}],"collection":[{"href":"https:\/\/www.cmrcarpenteria.com\/de\/wp-json\/wp\/v2\/pages"}],"about":[{"href":"https:\/\/www.cmrcarpenteria.com\/de\/wp-json\/wp\/v2\/types\/page"}],"author":[{"embeddable":true,"href":"https:\/\/www.cmrcarpenteria.com\/de\/wp-json\/wp\/v2\/users\/1"}],"replies":[{"embeddable":true,"href":"https:\/\/www.cmrcarpenteria.com\/de\/wp-json\/wp\/v2\/comments?post=364"}],"version-history":[{"count":2,"href":"https:\/\/www.cmrcarpenteria.com\/de\/wp-json\/wp\/v2\/pages\/364\/revisions"}],"predecessor-version":[{"id":366,"href":"https:\/\/www.cmrcarpenteria.com\/de\/wp-json\/wp\/v2\/pages\/364\/revisions\/366"}],"wp:attachment":[{"href":"https:\/\/www.cmrcarpenteria.com\/de\/wp-json\/wp\/v2\/media?parent=364"}],"curies":[{"name":"wp","href":"https:\/\/api.w.org\/{rel}","templated":true}]}}